{"id":1475,"date":"2018-08-06T07:08:16","date_gmt":"2018-08-06T07:08:16","guid":{"rendered":"https:\/\/focushotel.ch\/homepage\/"},"modified":"2025-12-08T12:25:11","modified_gmt":"2025-12-08T12:25:11","slug":"homepage","status":"publish","type":"page","link":"https:\/\/focushotel.ch\/en\/","title":{"rendered":"Focus Hotel"},"content":{"rendered":"","protected":false},"excerpt":{"rendered":"","protected":false},"author":1,"featured_media":0,"parent":0,"menu_order":0,"comment_status":"closed","ping_status":"closed","template":"","meta":{"footnotes":""},"class_list":["post-1475","page","type-page","status-publish","hentry"],"yoast_head":"<!-- This site is optimized with the Yoast SEO plugin v27.3 - https:\/\/yoast.com\/product\/yoast-seo-wordpress\/ -->\n<title>Focus Hotel - Stadt- und Businesshotel in Sursee \/ Luzern<\/title>\n<meta name=\"description\" content=\"Nahe der historischen Altstadt gelegen ist das FOCUS Hotel in Sursee, das neue 4* Hotel f\u00fcr Individualreisende, Gesch\u00e4ftsleute und Seminarg\u00e4ste.\" \/>\n<meta name=\"robots\" content=\"index, follow, max-snippet:-1, max-image-preview:large, max-video-preview:-1\" \/>\n<link rel=\"canonical\" href=\"https:\/\/focushotel.ch\/en\/\" \/>\n<meta property=\"og:locale\" content=\"en_US\" \/>\n<meta property=\"og:type\" content=\"article\" \/>\n<meta property=\"og:title\" content=\"Focus Hotel - Stadt- und Businesshotel in Sursee \/ Luzern\" \/>\n<meta property=\"og:description\" content=\"Nahe der historischen Altstadt gelegen ist das FOCUS Hotel in Sursee, das neue 4* Hotel f\u00fcr Individualreisende, Gesch\u00e4ftsleute und Seminarg\u00e4ste.\" \/>\n<meta property=\"og:url\" content=\"https:\/\/focushotel.ch\/en\/\" \/>\n<meta property=\"og:site_name\" content=\"Hotel Focus Sursee\" \/>\n<meta property=\"article:publisher\" content=\"https:\/\/www.facebook.com\/focushotelsursee\" \/>\n<meta property=\"article:modified_time\" content=\"2025-12-08T12:25:11+00:00\" \/>\n<meta name=\"twitter:card\" content=\"summary_large_image\" \/>\n<script type=\"application\/ld+json\" class=\"yoast-schema-graph\">{\"@context\":\"https:\\\/\\\/schema.org\",\"@graph\":[{\"@type\":\"WebPage\",\"@id\":\"https:\\\/\\\/focushotel.ch\\\/en\\\/\",\"url\":\"https:\\\/\\\/focushotel.ch\\\/en\\\/\",\"name\":\"Focus Hotel - Stadt- und Businesshotel in Sursee \\\/ Luzern\",\"isPartOf\":{\"@id\":\"https:\\\/\\\/focushotel.ch\\\/#website\"},\"datePublished\":\"2018-08-06T07:08:16+00:00\",\"dateModified\":\"2025-12-08T12:25:11+00:00\",\"description\":\"Nahe der historischen Altstadt gelegen ist das FOCUS Hotel in Sursee, das neue 4* Hotel f\u00fcr Individualreisende, Gesch\u00e4ftsleute und Seminarg\u00e4ste.\",\"breadcrumb\":{\"@id\":\"https:\\\/\\\/focushotel.ch\\\/en\\\/#breadcrumb\"},\"inLanguage\":\"en-US\",\"potentialAction\":[{\"@type\":\"ReadAction\",\"target\":[\"https:\\\/\\\/focushotel.ch\\\/en\\\/\"]}]},{\"@type\":\"BreadcrumbList\",\"@id\":\"https:\\\/\\\/focushotel.ch\\\/en\\\/#breadcrumb\",\"itemListElement\":[{\"@type\":\"ListItem\",\"position\":1,\"name\":\"Startseite\",\"item\":\"https:\\\/\\\/focushotel.ch\\\/en\\\/\"},{\"@type\":\"ListItem\",\"position\":2,\"name\":\"Focus Hotel\"}]},{\"@type\":\"WebSite\",\"@id\":\"https:\\\/\\\/focushotel.ch\\\/#website\",\"url\":\"https:\\\/\\\/focushotel.ch\\\/\",\"name\":\"Hotel Focus Sursee\",\"description\":\"Stadt- und Businesshotel in Sursee \\\/ Luzern\",\"publisher\":{\"@id\":\"https:\\\/\\\/focushotel.ch\\\/#organization\"},\"potentialAction\":[{\"@type\":\"SearchAction\",\"target\":{\"@type\":\"EntryPoint\",\"urlTemplate\":\"https:\\\/\\\/focushotel.ch\\\/?s={search_term_string}\"},\"query-input\":{\"@type\":\"PropertyValueSpecification\",\"valueRequired\":true,\"valueName\":\"search_term_string\"}}],\"inLanguage\":\"en-US\"},{\"@type\":\"Organization\",\"@id\":\"https:\\\/\\\/focushotel.ch\\\/#organization\",\"name\":\"Focus Hotel\",\"url\":\"https:\\\/\\\/focushotel.ch\\\/\",\"logo\":{\"@type\":\"ImageObject\",\"inLanguage\":\"en-US\",\"@id\":\"https:\\\/\\\/focushotel.ch\\\/#\\\/schema\\\/logo\\\/image\\\/\",\"url\":\"https:\\\/\\\/focushotel.ch\\\/wp-content\\\/uploads\\\/2018\\\/07\\\/Focus_Hotel_Logo.png\",\"contentUrl\":\"https:\\\/\\\/focushotel.ch\\\/wp-content\\\/uploads\\\/2018\\\/07\\\/Focus_Hotel_Logo.png\",\"width\":1100,\"height\":364,\"caption\":\"Focus Hotel\"},\"image\":{\"@id\":\"https:\\\/\\\/focushotel.ch\\\/#\\\/schema\\\/logo\\\/image\\\/\"},\"sameAs\":[\"https:\\\/\\\/www.facebook.com\\\/focushotelsursee\"]}]}<\/script>\n<!-- \/ Yoast SEO plugin. -->","yoast_head_json":{"title":"Focus Hotel - Stadt- und Businesshotel in Sursee \/ Luzern","description":"Nahe der historischen Altstadt gelegen ist das FOCUS Hotel in Sursee, das neue 4* Hotel f\u00fcr Individualreisende, Gesch\u00e4ftsleute und Seminarg\u00e4ste.","robots":{"index":"index","follow":"follow","max-snippet":"max-snippet:-1","max-image-preview":"max-image-preview:large","max-video-preview":"max-video-preview:-1"},"canonical":"https:\/\/focushotel.ch\/en\/","og_locale":"en_US","og_type":"article","og_title":"Focus Hotel - Stadt- und Businesshotel in Sursee \/ Luzern","og_description":"Nahe der historischen Altstadt gelegen ist das FOCUS Hotel in Sursee, das neue 4* Hotel f\u00fcr Individualreisende, Gesch\u00e4ftsleute und Seminarg\u00e4ste.","og_url":"https:\/\/focushotel.ch\/en\/","og_site_name":"Hotel Focus Sursee","article_publisher":"https:\/\/www.facebook.com\/focushotelsursee","article_modified_time":"2025-12-08T12:25:11+00:00","twitter_card":"summary_large_image","schema":{"@context":"https:\/\/schema.org","@graph":[{"@type":"WebPage","@id":"https:\/\/focushotel.ch\/en\/","url":"https:\/\/focushotel.ch\/en\/","name":"Focus Hotel - Stadt- und Businesshotel in Sursee \/ Luzern","isPartOf":{"@id":"https:\/\/focushotel.ch\/#website"},"datePublished":"2018-08-06T07:08:16+00:00","dateModified":"2025-12-08T12:25:11+00:00","description":"Nahe der historischen Altstadt gelegen ist das FOCUS Hotel in Sursee, das neue 4* Hotel f\u00fcr Individualreisende, Gesch\u00e4ftsleute und Seminarg\u00e4ste.","breadcrumb":{"@id":"https:\/\/focushotel.ch\/en\/#breadcrumb"},"inLanguage":"en-US","potentialAction":[{"@type":"ReadAction","target":["https:\/\/focushotel.ch\/en\/"]}]},{"@type":"BreadcrumbList","@id":"https:\/\/focushotel.ch\/en\/#breadcrumb","itemListElement":[{"@type":"ListItem","position":1,"name":"Startseite","item":"https:\/\/focushotel.ch\/en\/"},{"@type":"ListItem","position":2,"name":"Focus Hotel"}]},{"@type":"WebSite","@id":"https:\/\/focushotel.ch\/#website","url":"https:\/\/focushotel.ch\/","name":"Hotel Focus Sursee","description":"Stadt- und Businesshotel in Sursee \/ Luzern","publisher":{"@id":"https:\/\/focushotel.ch\/#organization"},"potentialAction":[{"@type":"SearchAction","target":{"@type":"EntryPoint","urlTemplate":"https:\/\/focushotel.ch\/?s={search_term_string}"},"query-input":{"@type":"PropertyValueSpecification","valueRequired":true,"valueName":"search_term_string"}}],"inLanguage":"en-US"},{"@type":"Organization","@id":"https:\/\/focushotel.ch\/#organization","name":"Focus Hotel","url":"https:\/\/focushotel.ch\/","logo":{"@type":"ImageObject","inLanguage":"en-US","@id":"https:\/\/focushotel.ch\/#\/schema\/logo\/image\/","url":"https:\/\/focushotel.ch\/wp-content\/uploads\/2018\/07\/Focus_Hotel_Logo.png","contentUrl":"https:\/\/focushotel.ch\/wp-content\/uploads\/2018\/07\/Focus_Hotel_Logo.png","width":1100,"height":364,"caption":"Focus Hotel"},"image":{"@id":"https:\/\/focushotel.ch\/#\/schema\/logo\/image\/"},"sameAs":["https:\/\/www.facebook.com\/focushotelsursee"]}]}},"_links":{"self":[{"href":"https:\/\/focushotel.ch\/en\/wp-json\/wp\/v2\/pages\/1475","targetHints":{"allow":["GET"]}}],"collection":[{"href":"https:\/\/focushotel.ch\/en\/wp-json\/wp\/v2\/pages"}],"about":[{"href":"https:\/\/focushotel.ch\/en\/wp-json\/wp\/v2\/types\/page"}],"author":[{"embeddable":true,"href":"https:\/\/focushotel.ch\/en\/wp-json\/wp\/v2\/users\/1"}],"replies":[{"embeddable":true,"href":"https:\/\/focushotel.ch\/en\/wp-json\/wp\/v2\/comments?post=1475"}],"version-history":[{"count":5,"href":"https:\/\/focushotel.ch\/en\/wp-json\/wp\/v2\/pages\/1475\/revisions"}],"predecessor-version":[{"id":2525,"href":"https:\/\/focushotel.ch\/en\/wp-json\/wp\/v2\/pages\/1475\/revisions\/2525"}],"wp:attachment":[{"href":"https:\/\/focushotel.ch\/en\/wp-json\/wp\/v2\/media?parent=1475"}],"curies":[{"name":"wp","href":"https:\/\/api.w.org\/{rel}","templated":true}]}}